{"id":630,"date":"2025-07-02T21:28:48","date_gmt":"2025-07-02T21:28:48","guid":{"rendered":"https:\/\/massinergiacreativa.com\/sinergia\/?page_id=630"},"modified":"2025-07-15T04:34:48","modified_gmt":"2025-07-15T04:34:48","slug":"aviso-legal","status":"publish","type":"page","link":"https:\/\/massinergiacreativa.com\/sinergia\/index.php\/aviso-legal\/","title":{"rendered":"Aviso Legal"},"content":{"rendered":"\t\t<div data-elementor-type=\"wp-page\" data-elementor-id=\"630\" class=\"elementor elementor-630\">\n\t\t\t\t\t\t<section class=\"elementor-section elementor-top-section elementor-element elementor-element-f0c4a11 elementor-section-boxed elementor-section-height-default elementor-section-height-default\" data-id=\"f0c4a11\" data-element_type=\"section\" data-settings=\"{&quot;background_background&quot;:&quot;classic&quot;}\">\n\t\t\t\t\t\t<div class=\"elementor-container elementor-column-gap-default\">\n\t\t\t\t\t<div class=\"elementor-column elementor-col-100 elementor-top-column elementor-element elementor-element-d541dbb\" data-id=\"d541dbb\" data-element_type=\"column\">\n\t\t\t<div class=\"elementor-widget-wrap elementor-element-populated\">\n\t\t\t\t\t\t<div class=\"elementor-element elementor-element-2f6d826 elementor-widget elementor-widget-spacer\" data-id=\"2f6d826\" data-element_type=\"widget\" data-widget_type=\"spacer.default\">\n\t\t\t\t<div class=\"elementor-widget-container\">\n\t\t\t\t\t\t\t<div class=\"elementor-spacer\">\n\t\t\t<div class=\"elementor-spacer-inner\"><\/div>\n\t\t<\/div>\n\t\t\t\t\t\t<\/div>\n\t\t\t\t<\/div>\n\t\t\t\t<div class=\"elementor-element elementor-element-75416d1 elementor-widget elementor-widget-heading\" data-id=\"75416d1\" data-element_type=\"widget\" data-widget_type=\"heading.default\">\n\t\t\t\t<div class=\"elementor-widget-container\">\n\t\t\t\t\t<h1 class=\"elementor-heading-title elementor-size-default\">Aviso Legal<\/h1>\t\t\t\t<\/div>\n\t\t\t\t<\/div>\n\t\t\t\t\t<\/div>\n\t\t<\/div>\n\t\t\t\t\t<\/div>\n\t\t<\/section>\n\t\t\t\t<section class=\"elementor-section elementor-top-section elementor-element elementor-element-f0dcd17 elementor-section-boxed elementor-section-height-default elementor-section-height-default\" data-id=\"f0dcd17\" data-element_type=\"section\">\n\t\t\t\t\t\t<div class=\"elementor-container elementor-column-gap-default\">\n\t\t\t\t\t<div class=\"elementor-column elementor-col-100 elementor-top-column elementor-element elementor-element-3149bec\" data-id=\"3149bec\" data-element_type=\"column\">\n\t\t\t<div class=\"elementor-widget-wrap elementor-element-populated\">\n\t\t\t\t\t\t<div class=\"elementor-element elementor-element-4d84a51 elementor-widget elementor-widget-text-editor\" data-id=\"4d84a51\" data-element_type=\"widget\" data-widget_type=\"text-editor.default\">\n\t\t\t\t<div class=\"elementor-widget-container\">\n\t\t\t\t\t\t\t\t\t<h2 data-start=\"154\" data-end=\"181\">1. Informaci\u00f3n general<\/h2><p data-start=\"182\" data-end=\"365\">En cumplimiento con el art\u00edculo 10 de la Ley 34\/2002, de Servicios de la Sociedad de la Informaci\u00f3n y Comercio Electr\u00f3nico (LSSI-CE), se informa que esta p\u00e1gina web es propiedad de:<\/p><p data-start=\"367\" data-end=\"544\"><strong data-start=\"367\" data-end=\"398\">Mas Sinergia Creativa, S.L.<\/strong><br data-start=\"398\" data-end=\"401\" \/>Avda. Monte Carmelo, 10-4 A, 30011 Murcia<br data-start=\"442\" data-end=\"445\" \/>CIF: B-73991788<br data-start=\"460\" data-end=\"463\" \/>Email: <a class=\"cursor-pointer\" rel=\"noopener\" data-start=\"470\" data-end=\"503\">formacion@massinergiacreativa.com<\/a><br data-start=\"503\" data-end=\"506\" \/>Tel\u00e9fono: 600 474 645 \/\/ 609 622 328<\/p><h2 data-start=\"546\" data-end=\"560\">2. Objeto<\/h2><p data-start=\"561\" data-end=\"743\">La presente web tiene como finalidad ofrecer informaci\u00f3n sobre los servicios y formaciones que Mas Sinergia Creativa ofrece, as\u00ed como facilitar el contacto a trav\u00e9s de formularios.<\/p><p data-start=\"745\" data-end=\"797\">No se realizan ventas ni pagos online en esta web.<\/p><h2 data-start=\"799\" data-end=\"825\">3. Condiciones de uso<\/h2><p data-start=\"826\" data-end=\"956\">El acceso y uso de esta web implica la aceptaci\u00f3n plena y sin reservas de todas las disposiciones incluidas en este Aviso Legal.<\/p><p data-start=\"958\" data-end=\"1059\">El usuario se compromete a usar la web conforme a la ley, moral, buenas costumbres y orden p\u00fablico.<\/p><h2 data-start=\"1061\" data-end=\"1103\">4. Propiedad intelectual e industrial<\/h2><p data-start=\"1104\" data-end=\"1296\">Todos los contenidos de esta web, incluyendo textos, im\u00e1genes, marcas, logotipos, dise\u00f1o y software, son propiedad exclusiva de Mas Sinergia Creativa o de terceros que han autorizado su uso.<\/p><p data-start=\"1298\" data-end=\"1412\">Queda prohibida la reproducci\u00f3n, distribuci\u00f3n o comunicaci\u00f3n p\u00fablica de los contenidos sin autorizaci\u00f3n expresa.<\/p><h2 data-start=\"1414\" data-end=\"1437\">5. Responsabilidad<\/h2><p data-start=\"1438\" data-end=\"1569\">Mas Sinergia Creativa no se responsabiliza por los da\u00f1os o perjuicios que puedan derivarse del acceso o uso incorrecto de la web.<\/p><p data-start=\"1571\" data-end=\"1653\">Asimismo, no garantiza la ausencia de virus u otros elementos da\u00f1inos en la web.<\/p><h2 data-start=\"1655\" data-end=\"1682\">6. Protecci\u00f3n de datos<\/h2><p data-start=\"454\" data-end=\"595\">El tratamiento de los datos personales recogidos en los formularios se realiza conforme a la Pol\u00edtica de Privacidad disponible en esta web.<\/p><p data-start=\"597\" data-end=\"788\">Adem\u00e1s, la web utiliza cookies, incluidas cookies de an\u00e1lisis (Google Analytics), para mejorar la experiencia de usuario y el funcionamiento del sitio, todo conforme a la Pol\u00edtica de Cookies.<\/p><h2 data-start=\"1826\" data-end=\"1870\">7. Legislaci\u00f3n aplicable y jurisdicci\u00f3n<\/h2><p data-start=\"1871\" data-end=\"2103\">Este Aviso Legal se rige por la legislaci\u00f3n espa\u00f1ola. Para la resoluci\u00f3n de cualquier conflicto derivado del acceso o uso de la web, las partes se someten a los juzgados y tribunales de Murcia, salvo que la ley disponga otra cosa.<\/p>\t\t\t\t\t\t\t\t<\/div>\n\t\t\t\t<\/div>\n\t\t\t\t\t<\/div>\n\t\t<\/div>\n\t\t\t\t\t<\/div>\n\t\t<\/section>\n\t\t\t\t<\/div>\n\t\t","protected":false},"excerpt":{"rendered":"<p>Aviso Legal 1. Informaci\u00f3n general En cumplimiento con el art\u00edculo 10 de la Ley 34\/2002, de Servicios de la Sociedad de la Informaci\u00f3n y Comercio Electr\u00f3nico (LSSI-CE), se informa que esta p\u00e1gina web es propiedad de: Mas Sinergia Creativa, S.L.Avda. Monte Carmelo, 10-4 A, 30011 MurciaCIF: B-73991788Email: formacion@massinergiacreativa.comTel\u00e9fono: 600 474 645 \/\/ 609 622 328 [&hellip;]<\/p>\n","protected":false},"author":1,"featured_media":0,"parent":0,"menu_order":0,"comment_status":"closed","ping_status":"closed","template":"","meta":{"site-sidebar-layout":"no-sidebar","site-content-layout":"page-builder","ast-site-content-layout":"default","site-content-style":"default","site-sidebar-style":"default","ast-global-header-display":"","ast-banner-title-visibility":"","ast-main-header-display":"","ast-hfb-above-header-display":"","ast-hfb-below-header-display":"","ast-hfb-mobile-header-display":"","site-post-title":"disabled","ast-breadcrumbs-content":"","ast-featured-img":"disabled","footer-sml-layout":"","theme-transparent-header-meta":"default","adv-header-id-meta":"","stick-header-meta":"","header-above-stick-meta":"","header-main-stick-meta":"","header-below-stick-meta":"","astra-migrate-meta-layouts":"default","ast-page-background-enabled":"default","ast-page-background-meta":{"desktop":{"background-color":"var(--ast-global-color-4)","background-image":"","background-repeat":"repeat","background-position":"center center","background-size":"auto","background-attachment":"scroll","background-type":"","background-media":"","overlay-type":"","overlay-color":"","overlay-opacity":"","overlay-gradient":""},"tablet":{"background-color":"","background-image":"","background-repeat":"repeat","background-position":"center center","background-size":"auto","background-attachment":"scroll","background-type":"","background-media":"","overlay-type":"","overlay-color":"","overlay-opacity":"","overlay-gradient":""},"mobile":{"background-color":"","background-image":"","background-repeat":"repeat","background-position":"center center","background-size":"auto","background-attachment":"scroll","background-type":"","background-media":"","overlay-type":"","overlay-color":"","overlay-opacity":"","overlay-gradient":""}},"ast-content-background-meta":{"desktop":{"background-color":"var(--ast-global-color-5)","background-image":"","background-repeat":"repeat","background-position":"center center","background-size":"auto","background-attachment":"scroll","background-type":"","background-media":"","overlay-type":"","overlay-color":"","overlay-opacity":"","overlay-gradient":""},"tablet":{"background-color":"var(--ast-global-color-5)","background-image":"","background-repeat":"repeat","background-position":"center center","background-size":"auto","background-attachment":"scroll","background-type":"","background-media":"","overlay-type":"","overlay-color":"","overlay-opacity":"","overlay-gradient":""},"mobile":{"background-color":"var(--ast-global-color-5)","background-image":"","background-repeat":"repeat","background-position":"center center","background-size":"auto","background-attachment":"scroll","background-type":"","background-media":"","overlay-type":"","overlay-color":"","overlay-opacity":"","overlay-gradient":""}},"footnotes":""},"class_list":["post-630","page","type-page","status-publish","hentry"],"_links":{"self":[{"href":"https:\/\/massinergiacreativa.com\/sinergia\/index.php\/wp-json\/wp\/v2\/pages\/630","targetHints":{"allow":["GET"]}}],"collection":[{"href":"https:\/\/massinergiacreativa.com\/sinergia\/index.php\/wp-json\/wp\/v2\/pages"}],"about":[{"href":"https:\/\/massinergiacreativa.com\/sinergia\/index.php\/wp-json\/wp\/v2\/types\/page"}],"author":[{"embeddable":true,"href":"https:\/\/massinergiacreativa.com\/sinergia\/index.php\/wp-json\/wp\/v2\/users\/1"}],"replies":[{"embeddable":true,"href":"https:\/\/massinergiacreativa.com\/sinergia\/index.php\/wp-json\/wp\/v2\/comments?post=630"}],"version-history":[{"count":10,"href":"https:\/\/massinergiacreativa.com\/sinergia\/index.php\/wp-json\/wp\/v2\/pages\/630\/revisions"}],"predecessor-version":[{"id":934,"href":"https:\/\/massinergiacreativa.com\/sinergia\/index.php\/wp-json\/wp\/v2\/pages\/630\/revisions\/934"}],"wp:attachment":[{"href":"https:\/\/massinergiacreativa.com\/sinergia\/index.php\/wp-json\/wp\/v2\/media?parent=630"}],"curies":[{"name":"wp","href":"https:\/\/api.w.org\/{rel}","templated":true}]}}