{"id":621,"date":"2025-07-02T21:23:29","date_gmt":"2025-07-02T21:23:29","guid":{"rendered":"https:\/\/massinergiacreativa.com\/sinergia\/?page_id=621"},"modified":"2025-07-15T04:33:26","modified_gmt":"2025-07-15T04:33:26","slug":"politica-de-cookies","status":"publish","type":"page","link":"https:\/\/massinergiacreativa.com\/sinergia\/index.php\/politica-de-cookies\/","title":{"rendered":"Pol\u00edtica de Cookies"},"content":{"rendered":"\t\t<div data-elementor-type=\"wp-page\" data-elementor-id=\"621\" class=\"elementor elementor-621\">\n\t\t\t\t\t\t<section class=\"elementor-section elementor-top-section elementor-element elementor-element-3fcccc5 elementor-section-boxed elementor-section-height-default elementor-section-height-default\" data-id=\"3fcccc5\" data-element_type=\"section\" data-settings=\"{&quot;background_background&quot;:&quot;classic&quot;}\">\n\t\t\t\t\t\t<div class=\"elementor-container elementor-column-gap-default\">\n\t\t\t\t\t<div class=\"elementor-column elementor-col-100 elementor-top-column elementor-element elementor-element-b49faaf\" data-id=\"b49faaf\" data-element_type=\"column\">\n\t\t\t<div class=\"elementor-widget-wrap elementor-element-populated\">\n\t\t\t\t\t\t<div class=\"elementor-element elementor-element-1e9df44 elementor-widget elementor-widget-spacer\" data-id=\"1e9df44\" data-element_type=\"widget\" data-widget_type=\"spacer.default\">\n\t\t\t\t<div class=\"elementor-widget-container\">\n\t\t\t\t\t\t\t<div class=\"elementor-spacer\">\n\t\t\t<div class=\"elementor-spacer-inner\"><\/div>\n\t\t<\/div>\n\t\t\t\t\t\t<\/div>\n\t\t\t\t<\/div>\n\t\t\t\t<div class=\"elementor-element elementor-element-e7a13e9 elementor-widget elementor-widget-heading\" data-id=\"e7a13e9\" data-element_type=\"widget\" data-widget_type=\"heading.default\">\n\t\t\t\t<div class=\"elementor-widget-container\">\n\t\t\t\t\t<h1 class=\"elementor-heading-title elementor-size-default\">Pol\u00edtica de Cookies<\/h1>\t\t\t\t<\/div>\n\t\t\t\t<\/div>\n\t\t\t\t\t<\/div>\n\t\t<\/div>\n\t\t\t\t\t<\/div>\n\t\t<\/section>\n\t\t\t\t<section class=\"elementor-section elementor-top-section elementor-element elementor-element-504ef24 elementor-section-boxed elementor-section-height-default elementor-section-height-default\" data-id=\"504ef24\" data-element_type=\"section\">\n\t\t\t\t\t\t<div class=\"elementor-container elementor-column-gap-default\">\n\t\t\t\t\t<div class=\"elementor-column elementor-col-100 elementor-top-column elementor-element elementor-element-8755d4d\" data-id=\"8755d4d\" data-element_type=\"column\">\n\t\t\t<div class=\"elementor-widget-wrap elementor-element-populated\">\n\t\t\t\t\t\t<div class=\"elementor-element elementor-element-e31e566 elementor-widget elementor-widget-text-editor\" data-id=\"e31e566\" data-element_type=\"widget\" data-widget_type=\"text-editor.default\">\n\t\t\t\t<div class=\"elementor-widget-container\">\n\t\t\t\t\t\t\t\t\t<p data-start=\"500\" data-end=\"681\">En Mas Sinergia Creativa, S.L. (en adelante, \u201cMas Sinergia Creativa\u201d), utilizamos cookies para mejorar su experiencia en nuestra p\u00e1gina web y para facilitar ciertas funcionalidades.<\/p>\n<h2>\u00bfQu\u00e9 son las cookies?<\/h2>\n<p data-start=\"711\" data-end=\"968\">Las cookies son peque\u00f1os archivos de texto que se almacenan en su dispositivo cuando visita un sitio web. Estas cookies permiten que la web recuerde sus acciones y preferencias durante un periodo de tiempo, facilitando la navegaci\u00f3n y mejorando el servicio.<\/p>\n<h3 data-start=\"970\" data-end=\"1001\">Tipos de cookies que usamos<\/h3>\n<ol data-start=\"1003\" data-end=\"1652\">\n<li data-start=\"1003\" data-end=\"1260\">\n<p data-start=\"1006\" data-end=\"1260\"><strong data-start=\"1006\" data-end=\"1039\">Cookies t\u00e9cnicas y necesarias<\/strong><br data-start=\"1039\" data-end=\"1042\">Estas cookies son esenciales para el correcto funcionamiento de la web y para funcionalidades propias de la plataforma, como la gesti\u00f3n de sesiones, preferencias y el correcto funcionamiento del formulario de contacto.<\/p>\n<\/li>\n<li data-start=\"1262\" data-end=\"1502\">\n<p data-start=\"1265\" data-end=\"1502\"><strong data-start=\"1265\" data-end=\"1288\">Cookies de an\u00e1lisis<\/strong><br data-start=\"1288\" data-end=\"1291\">Utilizamos cookies de Google Analytics para recoger datos estad\u00edsticos sobre el uso de la web, lo que nos ayuda a mejorar nuestros servicios. Estas cookies solo se activan tras obtener su consentimiento expreso.<\/p>\n<\/li>\n<li data-start=\"1504\" data-end=\"1652\">\n<p data-start=\"1507\" data-end=\"1652\"><strong data-start=\"1507\" data-end=\"1530\">Cookies de terceros<\/strong><br data-start=\"1530\" data-end=\"1533\">La web incluye funcionalidades que utilizan servicios externos, que pueden almacenar cookies propias en su dispositivo:<\/p>\n<\/li>\n<\/ol>\n<ul data-start=\"1654\" data-end=\"1848\">\n<li data-start=\"1654\" data-end=\"1780\">\n<p data-start=\"1656\" data-end=\"1780\"><strong data-start=\"1656\" data-end=\"1681\">Facebook e Instagram:<\/strong> Para la integraci\u00f3n con redes sociales, seguimiento de interacciones y publicidad personalizada.<\/p>\n<\/li>\n<li data-start=\"1781\" data-end=\"1848\">\n<p data-start=\"1783\" data-end=\"1848\"><strong data-start=\"1783\" data-end=\"1799\">Google Maps:<\/strong> Para mostrar la ubicaci\u00f3n en mapas interactivos.<\/p>\n<\/li>\n<\/ul>\n<p data-start=\"1850\" data-end=\"2006\">Estas cookies de terceros pueden recopilar informaci\u00f3n sobre su actividad en la web y otros sitios para mejorar los servicios y ofrecer publicidad adaptada.<\/p>\n<h2 data-start=\"1426\" data-end=\"1463\">Gesti\u00f3n y desactivaci\u00f3n de cookies<\/h2>\n<p data-start=\"1465\" data-end=\"1630\">Usted puede configurar su navegador para bloquear o eliminar las cookies, aunque esto puede afectar al correcto funcionamiento de la web o a algunas funcionalidades.<\/p>\n<p data-start=\"1632\" data-end=\"1707\">Aqu\u00ed algunos enlaces para gestionar cookies en los navegadores m\u00e1s comunes:<\/p>\n<ul data-start=\"1709\" data-end=\"2099\">\n<li data-start=\"1709\" data-end=\"1795\">\n<p data-start=\"1711\" data-end=\"1795\"><a href=\"https:\/\/support.google.com\/chrome\/answer\/95647\">C\u00f3mo gestionar cookies en Chrome<\/a><\/p>\n<\/li>\n<li data-start=\"1796\" data-end=\"1936\">\n<p data-start=\"1798\" data-end=\"1936\"><a href=\"https:\/\/support.mozilla.org\/es\/kb\/habilitar-y-deshabilitar-cookies-sitios-web-rastrear-preferencias\">C\u00f3mo gestionar cookies en Firefox<\/a><\/p>\n<\/li>\n<li data-start=\"1937\" data-end=\"2099\">\n<p data-start=\"1939\" data-end=\"2099\"><a class=\"\" href=\"https:\/\/support.microsoft.com\/es-es\/microsoft-edge\/eliminar-las-cookies-en-microsoft-edge-63947406-40ac-c3b8-57b9-2a946a29ae09\" target=\"_new\" rel=\"noopener\" data-start=\"1939\" data-end=\"2099\">C\u00f3mo gestionar cookies en Edge<\/a><\/p>\n<\/li>\n<\/ul>\n<p data-start=\"2101\" data-end=\"2219\">Tambi\u00e9n puede consultar las pol\u00edticas de cookies de terceros para obtener m\u00e1s informaci\u00f3n sobre c\u00f3mo usan sus datos:<\/p>\n<ul data-start=\"2220\" data-end=\"2385\">\n<li data-start=\"2220\" data-end=\"2301\">\n<p data-start=\"2222\" data-end=\"2301\"><a class=\"\" href=\"https:\/\/www.facebook.com\/policies\/cookies\/\" target=\"_new\" rel=\"noopener\" data-start=\"2222\" data-end=\"2299\">Pol\u00edtica de cookies de Facebook<\/a><\/p>\n<\/li>\n<li data-start=\"2302\" data-end=\"2385\">\n<p data-start=\"2304\" data-end=\"2385\"><a href=\"https:\/\/policies.google.com\/technologies\/cookies\">Pol\u00edtica de cookies de Google<\/a><\/p>\n<\/li>\n<\/ul>\n<h2 data-start=\"2387\" data-end=\"2423\">Cambios en la pol\u00edtica de cookies<\/h2>\n<p data-start=\"2425\" data-end=\"2597\">Nos reservamos el derecho a modificar esta Pol\u00edtica de Cookies para adaptarla a novedades legales o cambios en nuestros servicios. Le recomendamos revisarla peri\u00f3dicamente.<\/p>\t\t\t\t\t\t\t\t<\/div>\n\t\t\t\t<\/div>\n\t\t\t\t\t<\/div>\n\t\t<\/div>\n\t\t\t\t\t<\/div>\n\t\t<\/section>\n\t\t\t\t<\/div>\n\t\t","protected":false},"excerpt":{"rendered":"<p>Pol\u00edtica de Cookies En Mas Sinergia Creativa, S.L. (en adelante, \u201cMas Sinergia Creativa\u201d), utilizamos cookies para mejorar su experiencia en nuestra p\u00e1gina web y para facilitar ciertas funcionalidades. \u00bfQu\u00e9 son las cookies? Las cookies son peque\u00f1os archivos de texto que se almacenan en su dispositivo cuando visita un sitio web. Estas cookies permiten que la [&hellip;]<\/p>\n","protected":false},"author":1,"featured_media":0,"parent":0,"menu_order":0,"comment_status":"closed","ping_status":"closed","template":"","meta":{"site-sidebar-layout":"no-sidebar","site-content-layout":"page-builder","ast-site-content-layout":"default","site-content-style":"default","site-sidebar-style":"default","ast-global-header-display":"","ast-banner-title-visibility":"","ast-main-header-display":"","ast-hfb-above-header-display":"","ast-hfb-below-header-display":"","ast-hfb-mobile-header-display":"","site-post-title":"disabled","ast-breadcrumbs-content":"","ast-featured-img":"disabled","footer-sml-layout":"","theme-transparent-header-meta":"default","adv-header-id-meta":"","stick-header-meta":"","header-above-stick-meta":"","header-main-stick-meta":"","header-below-stick-meta":"","astra-migrate-meta-layouts":"default","ast-page-background-enabled":"default","ast-page-background-meta":{"desktop":{"background-color":"var(--ast-global-color-4)","background-image":"","background-repeat":"repeat","background-position":"center center","background-size":"auto","background-attachment":"scroll","background-type":"","background-media":"","overlay-type":"","overlay-color":"","overlay-opacity":"","overlay-gradient":""},"tablet":{"background-color":"","background-image":"","background-repeat":"repeat","background-position":"center center","background-size":"auto","background-attachment":"scroll","background-type":"","background-media":"","overlay-type":"","overlay-color":"","overlay-opacity":"","overlay-gradient":""},"mobile":{"background-color":"","background-image":"","background-repeat":"repeat","background-position":"center center","background-size":"auto","background-attachment":"scroll","background-type":"","background-media":"","overlay-type":"","overlay-color":"","overlay-opacity":"","overlay-gradient":""}},"ast-content-background-meta":{"desktop":{"background-color":"var(--ast-global-color-5)","background-image":"","background-repeat":"repeat","background-position":"center center","background-size":"auto","background-attachment":"scroll","background-type":"","background-media":"","overlay-type":"","overlay-color":"","overlay-opacity":"","overlay-gradient":""},"tablet":{"background-color":"var(--ast-global-color-5)","background-image":"","background-repeat":"repeat","background-position":"center center","background-size":"auto","background-attachment":"scroll","background-type":"","background-media":"","overlay-type":"","overlay-color":"","overlay-opacity":"","overlay-gradient":""},"mobile":{"background-color":"var(--ast-global-color-5)","background-image":"","background-repeat":"repeat","background-position":"center center","background-size":"auto","background-attachment":"scroll","background-type":"","background-media":"","overlay-type":"","overlay-color":"","overlay-opacity":"","overlay-gradient":""}},"footnotes":""},"class_list":["post-621","page","type-page","status-publish","hentry"],"_links":{"self":[{"href":"https:\/\/massinergiacreativa.com\/sinergia\/index.php\/wp-json\/wp\/v2\/pages\/621","targetHints":{"allow":["GET"]}}],"collection":[{"href":"https:\/\/massinergiacreativa.com\/sinergia\/index.php\/wp-json\/wp\/v2\/pages"}],"about":[{"href":"https:\/\/massinergiacreativa.com\/sinergia\/index.php\/wp-json\/wp\/v2\/types\/page"}],"author":[{"embeddable":true,"href":"https:\/\/massinergiacreativa.com\/sinergia\/index.php\/wp-json\/wp\/v2\/users\/1"}],"replies":[{"embeddable":true,"href":"https:\/\/massinergiacreativa.com\/sinergia\/index.php\/wp-json\/wp\/v2\/comments?post=621"}],"version-history":[{"count":13,"href":"https:\/\/massinergiacreativa.com\/sinergia\/index.php\/wp-json\/wp\/v2\/pages\/621\/revisions"}],"predecessor-version":[{"id":928,"href":"https:\/\/massinergiacreativa.com\/sinergia\/index.php\/wp-json\/wp\/v2\/pages\/621\/revisions\/928"}],"wp:attachment":[{"href":"https:\/\/massinergiacreativa.com\/sinergia\/index.php\/wp-json\/wp\/v2\/media?parent=621"}],"curies":[{"name":"wp","href":"https:\/\/api.w.org\/{rel}","templated":true}]}}